{"id":10,"date":"2010-10-18T14:11:48","date_gmt":"2010-10-18T14:11:48","guid":{"rendered":"http:\/\/www.ensemble-vocalia.fr\/?page_id=10"},"modified":"2018-02-28T10:10:58","modified_gmt":"2018-02-28T10:10:58","slug":"historique","status":"publish","type":"page","link":"http:\/\/www.ensemble-vocalia.fr\/?page_id=10","title":{"rendered":"Historique"},"content":{"rendered":"<div><strong>\u00a0<\/strong><\/div>\n<p><strong>ITINERAIRE D\u2019UNE CHORALE<\/strong><\/p>\n<p><strong>1.\u00a0\u00a0\u00a0\u00a0\u00a0 <\/strong><strong>De 1979 \u00e0 1987\u00a0<\/strong><\/p>\n<p>C\u2019est sous l\u2019impulsion de Daniel Hauptmann, Conseiller P\u00e9dagogique en Education Musicale que la chorale, qui allait devenir \u00ab\u00a0l\u2019Ensemble Vocalia\u00a0\u00bb, est n\u00e9e en 1979.<\/p>\n<p>L\u2019ensemble \u00e9tait \u00e0 l\u2019origine essentiellement compos\u00e9 d\u2019enseignants de la Circonscription Stasbourg-Campagne II et r\u00e9p\u00e9tait au rez de chauss\u00e9e de l\u2019h\u00f4tel de ville de Brumath le mardi de 17 h \u00e0 19 h.<\/p>\n<p>La Chorale des Enseignants de Strasbourg-Campagne II \u00e9tait dirig\u00e9e conjointement par Daniel Hauptmann, Huguette Gautherot et Jean-Michel Steinbach.<\/p>\n<div id=\"attachment_58\" style=\"width: 300px\" class=\"wp-caption alignnone\"><a href=\"http:\/\/www.ensemble-vocalia.fr\/wp-content\/uploads\/2010\/10\/vocalia-23-05-19811.jpg\"><img loading=\"lazy\" decoding=\"async\" aria-describedby=\"caption-attachment-58\" class=\"size-medium wp-image-58\" title=\"vocalia-23-05-1981\" src=\"http:\/\/www.ensemble-vocalia.fr\/wp-content\/uploads\/2010\/10\/vocalia-23-05-19811-300x214.jpg\" alt=\"Concert du 23 mai 1981\" width=\"300\" height=\"214\" srcset=\"http:\/\/www.ensemble-vocalia.fr\/wp-content\/uploads\/2010\/10\/vocalia-23-05-19811-300x214.jpg 300w, http:\/\/www.ensemble-vocalia.fr\/wp-content\/uploads\/2010\/10\/vocalia-23-05-19811.jpg 500w\" sizes=\"auto, (max-width: 300px) 100vw, 300px\" \/><\/a><p id=\"caption-attachment-58\" class=\"wp-caption-text\">Concert du 23 mai 1981<\/p><\/div>\n<div id=\"attachment_60\" style=\"width: 300px\" class=\"wp-caption alignnone\"><a href=\"http:\/\/www.ensemble-vocalia.fr\/wp-content\/uploads\/2010\/10\/vocalia-05-06-1982.jpg\"><img loading=\"lazy\" decoding=\"async\" aria-describedby=\"caption-attachment-60\" class=\"size-medium wp-image-60\" title=\"vocalia-05-06-1982\" src=\"http:\/\/www.ensemble-vocalia.fr\/wp-content\/uploads\/2010\/10\/vocalia-05-06-1982-300x210.jpg\" alt=\"Concert du 5 juin 1982\" width=\"300\" height=\"210\" srcset=\"http:\/\/www.ensemble-vocalia.fr\/wp-content\/uploads\/2010\/10\/vocalia-05-06-1982-300x210.jpg 300w, http:\/\/www.ensemble-vocalia.fr\/wp-content\/uploads\/2010\/10\/vocalia-05-06-1982.jpg 500w\" sizes=\"auto, (max-width: 300px) 100vw, 300px\" \/><\/a><p id=\"caption-attachment-60\" class=\"wp-caption-text\">Concert du 5 juin 1982<\/p><\/div>\n<div id=\"attachment_59\" style=\"width: 300px\" class=\"wp-caption alignnone\"><a href=\"http:\/\/www.ensemble-vocalia.fr\/wp-content\/uploads\/2010\/10\/vocalia-25-05-1985.jpg\"><img loading=\"lazy\" decoding=\"async\" aria-describedby=\"caption-attachment-59\" class=\"size-medium wp-image-59\" title=\"vocalia-25-05-1985\" src=\"http:\/\/www.ensemble-vocalia.fr\/wp-content\/uploads\/2010\/10\/vocalia-25-05-1985-300x212.jpg\" alt=\"Concert du 25 mai 1985\" width=\"300\" height=\"212\" srcset=\"http:\/\/www.ensemble-vocalia.fr\/wp-content\/uploads\/2010\/10\/vocalia-25-05-1985-300x212.jpg 300w, http:\/\/www.ensemble-vocalia.fr\/wp-content\/uploads\/2010\/10\/vocalia-25-05-1985.jpg 500w\" sizes=\"auto, (max-width: 300px) 100vw, 300px\" \/><\/a><p id=\"caption-attachment-59\" class=\"wp-caption-text\">Concert du 25 mai 1985<\/p><\/div>\n<div id=\"attachment_57\" style=\"width: 300px\" class=\"wp-caption alignnone\"><a href=\"http:\/\/www.ensemble-vocalia.fr\/wp-content\/uploads\/2010\/10\/vocalia-06-1986.jpg\"><img loading=\"lazy\" decoding=\"async\" aria-describedby=\"caption-attachment-57\" class=\"size-medium wp-image-57\" title=\"vocalia-06-1986\" src=\"http:\/\/www.ensemble-vocalia.fr\/wp-content\/uploads\/2010\/10\/vocalia-06-1986-300x205.jpg\" alt=\"Concert de juin 1986\" width=\"300\" height=\"205\" srcset=\"http:\/\/www.ensemble-vocalia.fr\/wp-content\/uploads\/2010\/10\/vocalia-06-1986-300x205.jpg 300w, http:\/\/www.ensemble-vocalia.fr\/wp-content\/uploads\/2010\/10\/vocalia-06-1986.jpg 500w\" sizes=\"auto, (max-width: 300px) 100vw, 300px\" \/><\/a><p id=\"caption-attachment-57\" class=\"wp-caption-text\">Concert de juin 1986<\/p><\/div>\n<p class=\"mceTemp\"><strong>2.\u00a0\u00a0\u00a0\u00a0\u00a0 <\/strong><strong>De 1987 \u00e0 juin 2009<\/strong><\/p>\n<p class=\"mceTemp\">Apr\u00e8s la disparition tragique de Daniel Hauptmann, un comit\u00e9 est constitu\u00e9 en octobre 1987 sous la pr\u00e9sidence de Jean-Michel \u00a0Steinbach.<\/p>\n<p class=\"mceTemp\">Gr\u00e2ce \u00e0 la volont\u00e9 et au dynamisme de leurs chefs, Huguette Gautherot et Jean-Michel Steinbach, la chorale est sauv\u00e9e\u00a0; elle s\u2019\u00e9toffe et des non-enseignants viennent \u00a0grossir ses rangs.<\/p>\n<p class=\"mceTemp\">La chorale participe cette ann\u00e9e-l\u00e0 aux \u00ab\u00a0Sc\u00e8nes de la Vie Brumathoise\u00a0\u00bb avec Charly Damm ce qui lui donne une nouvelle impulsion.<\/p>\n<div id=\"attachment_69\" style=\"width: 300px\" class=\"wp-caption alignnone\"><a href=\"http:\/\/www.ensemble-vocalia.fr\/wp-content\/uploads\/2010\/10\/vocalia-vie-brumathoise.jpg\"><img loading=\"lazy\" decoding=\"async\" aria-describedby=\"caption-attachment-69\" class=\"size-medium wp-image-69\" title=\"vocalia-vie-brumathoise\" src=\"http:\/\/www.ensemble-vocalia.fr\/wp-content\/uploads\/2010\/10\/vocalia-vie-brumathoise-300x194.jpg\" alt=\"histoire vive\" width=\"300\" height=\"194\" srcset=\"http:\/\/www.ensemble-vocalia.fr\/wp-content\/uploads\/2010\/10\/vocalia-vie-brumathoise-300x194.jpg 300w, http:\/\/www.ensemble-vocalia.fr\/wp-content\/uploads\/2010\/10\/vocalia-vie-brumathoise.jpg 411w\" sizes=\"auto, (max-width: 300px) 100vw, 300px\" \/><\/a><p id=\"caption-attachment-69\" class=\"wp-caption-text\">L&rsquo;histoire vive &#8211; novembre 1987<\/p><\/div>\n<p class=\"mceTemp\">En 1992, la chorale prend le nom de \u00ab\u00a0Ensemble Vocalia\u00a0\u00bb lors du\u00a0 \u00ab\u00a0Concert du Bapt\u00eame\u00a0\u00bb avec le Klac\u2019son Big Band de Brumath.<\/p>\n<div id=\"attachment_62\" style=\"width: 300px\" class=\"wp-caption alignnone\"><a href=\"http:\/\/www.ensemble-vocalia.fr\/wp-content\/uploads\/2010\/10\/vocalia-11-04-1992.jpg\"><img loading=\"lazy\" decoding=\"async\" aria-describedby=\"caption-attachment-62\" class=\"size-medium wp-image-62 \" title=\"vocalia-11-04-1992\" src=\"http:\/\/www.ensemble-vocalia.fr\/wp-content\/uploads\/2010\/10\/vocalia-11-04-1992-300x198.jpg\" alt=\"Concert du 11 avril 1992\" width=\"300\" height=\"198\" srcset=\"http:\/\/www.ensemble-vocalia.fr\/wp-content\/uploads\/2010\/10\/vocalia-11-04-1992-300x198.jpg 300w, http:\/\/www.ensemble-vocalia.fr\/wp-content\/uploads\/2010\/10\/vocalia-11-04-1992.jpg 405w\" sizes=\"auto, (max-width: 300px) 100vw, 300px\" \/><\/a><p id=\"caption-attachment-62\" class=\"wp-caption-text\">Concert du Bapt\u00eame avec le Klac\u2019son Big Band de Brumath le 11 avril 1992<\/p><\/div>\n<p class=\"mceTemp\">Quelques choristes mettent leurs talents au service de la chorale\u00a0:<\/p>\n<ul>\n<li>Corinne Schweyer\u00a0: organiste<\/li>\n<li>Guy Mercier\u00a0: conteur (jusqu\u2019en 2001)<\/li>\n<li>Christophe Hommel\u00a0: fl\u00fbtiste et chef de ch\u0153ur de 2001 \u00e0 2004<\/li>\n<\/ul>\n<p>En 2000, son premier CD \u00ab\u00a0M\u00e9lodies du Fond du C(h)\u0153ur \u00bb, enregistr\u00e9 \u00e0 Walbourg et \u00e0 Kilstett, \u00a0conna\u00eet un r\u00e9el succ\u00e8s populaire.<\/p>\n<div id=\"attachment_193\" style=\"width: 200px\" class=\"wp-caption alignnone\"><a href=\"http:\/\/www.ensemble-vocalia.fr\/wp-content\/uploads\/2010\/10\/CD_choeur.jpg\"><img loading=\"lazy\" decoding=\"async\" aria-describedby=\"caption-attachment-193\" class=\"size-medium wp-image-193 \" style=\"margin-top: 10px; margin-bottom: 10px;\" title=\"CD_choeur\" src=\"http:\/\/www.ensemble-vocalia.fr\/wp-content\/uploads\/2010\/10\/CD_choeur-300x300.jpg\" alt=\"\" width=\"200\" height=\"200\" srcset=\"http:\/\/www.ensemble-vocalia.fr\/wp-content\/uploads\/2010\/10\/CD_choeur-300x300.jpg 300w, http:\/\/www.ensemble-vocalia.fr\/wp-content\/uploads\/2010\/10\/CD_choeur-150x150.jpg 150w, http:\/\/www.ensemble-vocalia.fr\/wp-content\/uploads\/2010\/10\/CD_choeur.jpg 480w\" sizes=\"auto, (max-width: 200px) 100vw, 200px\" \/><\/a><p id=\"caption-attachment-193\" class=\"wp-caption-text\">Pochette du CD M\u00e9lodies du fond du choeur<\/p><\/div>\n<p class=\"mceTemp\">C\u2019est en 2009 que la retraite sonne pour Huguette Gautherot. Elle laisse un grand vide.<\/p>\n<p class=\"mceTemp\"><strong><strong>3.\u00a0\u00a0\u00a0\u00a0\u00a0 <\/strong>A partir de septembre 2009<\/strong><\/p>\n<p class=\"mceTemp\">Jean-Michel Steinbach accueille deux jeunes chefs, Myriam Friess et Alexandre Wendling, et c\u00e8de la pr\u00e9sidence \u00e0 Gaby Hoffmann.<\/p>\n<p>Peu de temps apr\u00e8s, le pianiste Roby Braun rejoint la chorale.<\/p>\n<p>En 2011,\u00a0les 3 concerts \u00ab\u00a0Plaisirs-D\u00e9sirs\u00a0\u00bb sont enregistr\u00e9s en live et un CD est en pr\u00e9paration pour l&rsquo;automne.<\/p>\n<p>A\u00a0la rentr\u00e9e 2011, Alexandre Wendling et Jocelyne Reinbolt dirigent l&rsquo;Ensemble Vocalia.<\/p>\n<p>Actuellement Jocelyne Reinbolt est second\u00e9e par Martin Starck.<\/p>\n","protected":false},"excerpt":{"rendered":"<p>\u00a0 ITINERAIRE D\u2019UNE CHORALE 1.\u00a0\u00a0\u00a0\u00a0\u00a0 De 1979 \u00e0 1987\u00a0 C\u2019est sous l\u2019impulsion de Daniel Hauptmann, Conseiller P\u00e9dagogique en Education Musicale que la chorale, qui allait devenir \u00ab\u00a0l\u2019Ensemble Vocalia\u00a0\u00bb, est n\u00e9e en 1979. L\u2019ensemble \u00e9tait \u00e0 l\u2019origine essentiellement compos\u00e9 d\u2019enseignants de la Circonscription Stasbourg-Campagne II et r\u00e9p\u00e9tait au rez de chauss\u00e9e de l\u2019h\u00f4tel de ville de &hellip; <\/p>\n<p><a class=\"more-link btn\" href=\"http:\/\/www.ensemble-vocalia.fr\/?page_id=10\">Lire la suite<\/a><\/p>\n","protected":false},"author":1,"featured_media":0,"parent":0,"menu_order":1,"comment_status":"closed","ping_status":"open","template":"","meta":{"footnotes":""},"class_list":["post-10","page","type-page","status-publish","hentry","nodate","item-wrap"],"_links":{"self":[{"href":"http:\/\/www.ensemble-vocalia.fr\/index.php?rest_route=\/wp\/v2\/pages\/10","targetHints":{"allow":["GET"]}}],"collection":[{"href":"http:\/\/www.ensemble-vocalia.fr\/index.php?rest_route=\/wp\/v2\/pages"}],"about":[{"href":"http:\/\/www.ensemble-vocalia.fr\/index.php?rest_route=\/wp\/v2\/types\/page"}],"author":[{"embeddable":true,"href":"http:\/\/www.ensemble-vocalia.fr\/index.php?rest_route=\/wp\/v2\/users\/1"}],"replies":[{"embeddable":true,"href":"http:\/\/www.ensemble-vocalia.fr\/index.php?rest_route=%2Fwp%2Fv2%2Fcomments&post=10"}],"version-history":[{"count":17,"href":"http:\/\/www.ensemble-vocalia.fr\/index.php?rest_route=\/wp\/v2\/pages\/10\/revisions"}],"predecessor-version":[{"id":61,"href":"http:\/\/www.ensemble-vocalia.fr\/index.php?rest_route=\/wp\/v2\/pages\/10\/revisions\/61"}],"wp:attachment":[{"href":"http:\/\/www.ensemble-vocalia.fr\/index.php?rest_route=%2Fwp%2Fv2%2Fmedia&parent=10"}],"curies":[{"name":"wp","href":"https:\/\/api.w.org\/{rel}","templated":true}]}}