{"id":137,"date":"2011-02-27T11:15:58","date_gmt":"2011-02-27T11:15:58","guid":{"rendered":"http:\/\/www.ensemble-vocalia.fr\/?page_id=137"},"modified":"2014-08-19T20:20:36","modified_gmt":"2014-08-19T20:20:36","slug":"voyages","status":"publish","type":"page","link":"http:\/\/www.ensemble-vocalia.fr\/?page_id=137","title":{"rendered":"Voyages"},"content":{"rendered":"<h3><strong>1. \u00a0<\/strong><strong>LA BOURGOGNE du 21 au 23 mai 1994<\/strong><\/h3>\n<p>L\u2019Ensemble Vocalia\u00a0 a \u00e9t\u00e9 accueilli par la chorale \u00ab\u00a0A C\u0153ur Joie\u00a0\u00bb de M\u00e2con.<\/p>\n<p>Apr\u00e8s un concert \u00e0 l\u2019\u00e9glise de la Coup\u00e9e \u00e0 CHARNAY-LES-MACON le samedi 21 mai, les participants ont \u00e9t\u00e9 h\u00e9berg\u00e9s dans les familles des choristes pour certains, les autres au lyc\u00e9e h\u00f4telier de M\u00e2con.<\/p>\n<div id=\"attachment_176\" style=\"width: 590px\" class=\"wp-caption alignnone\"><a href=\"http:\/\/www.ensemble-vocalia.fr\/wp-content\/uploads\/2011\/02\/vocalia-bourgogne.jpg\"><img loading=\"lazy\" decoding=\"async\" aria-describedby=\"caption-attachment-176\" class=\"size-large wp-image-176\" title=\"vocalia-bourgogne\" src=\"http:\/\/www.ensemble-vocalia.fr\/wp-content\/uploads\/2011\/02\/vocalia-bourgogne-1024x680.jpg\" alt=\"\" width=\"590\" height=\"391\" srcset=\"http:\/\/www.ensemble-vocalia.fr\/wp-content\/uploads\/2011\/02\/vocalia-bourgogne-1024x680.jpg 1024w, http:\/\/www.ensemble-vocalia.fr\/wp-content\/uploads\/2011\/02\/vocalia-bourgogne-300x199.jpg 300w, http:\/\/www.ensemble-vocalia.fr\/wp-content\/uploads\/2011\/02\/vocalia-bourgogne.jpg 1129w\" sizes=\"auto, (max-width: 590px) 100vw, 590px\" \/><\/a><p id=\"caption-attachment-176\" class=\"wp-caption-text\">L&rsquo;Ensemble Vocalia en Bourgogne &#8211; 1994<\/p><\/div>\n<p style=\"text-align: left;\">Programme des visites\u00a0:<\/p>\n<ul style=\"text-align: left;\">\n<li>Cave BILLARD \u00e0 la Rochepot<\/li>\n<li>Ch\u00e2teau de la Rochepot<\/li>\n<li>Cluny<\/li>\n<li>Foire aux vins de M\u00e2con<\/li>\n<li>Cave et fromagerie de Maurice Gonon \u00e0 Serri\u00e8res<\/li>\n<li>Hospices de Beaune<\/li>\n<\/ul>\n<h3 style=\"text-align: left;\"><strong>2.\u00a0 <\/strong><strong>LA CHAMPAGNE W-E de Pentec\u00f4te juin 1998<\/strong><\/h3>\n<p>Ce fut une d\u00e9couverte des tr\u00e9sors culturels et gastronomiques d\u2019une r\u00e9gion des plus attrayantes\u00a0:<\/p>\n<ul style=\"text-align: left;\">\n<li>Croisi\u00e8re sur la Marne<\/li>\n<li>Visite comment\u00e9e de la cath\u00e9drale de Reims<\/li>\n<li>Exploration de la r\u00e9gion d\u2019Epernay par les petits chemins gr\u00e2ce \u00e0 une guide des plus inform\u00e9es<\/li>\n<li>Intronisation de chaque choriste \u00ab\u00a0ma\u00eetre d\u00e9gorgeur\u00a0\u00bb \u00e0 l\u2019issue d\u2019une \u00e9preuve de haute technicit\u00e9 dans la cave d\u2019un producteur de champagne<\/li>\n<li>Animation par des chants religieux de l\u2019office du dimanche de Pentec\u00f4te dans la tr\u00e8s belle \u00e9glise romane de Damery.<\/li>\n<\/ul>\n<div id=\"attachment_173\" style=\"width: 590px\" class=\"wp-caption alignnone\"><a href=\"http:\/\/www.ensemble-vocalia.fr\/wp-content\/uploads\/2011\/02\/vocalia-champagne.jpg\"><img loading=\"lazy\" decoding=\"async\" aria-describedby=\"caption-attachment-173\" class=\"size-large wp-image-173\" title=\"vocalia-champagne\" src=\"http:\/\/www.ensemble-vocalia.fr\/wp-content\/uploads\/2011\/02\/vocalia-champagne-1024x695.jpg\" alt=\"\" width=\"590\" height=\"400\" srcset=\"http:\/\/www.ensemble-vocalia.fr\/wp-content\/uploads\/2011\/02\/vocalia-champagne-1024x695.jpg 1024w, http:\/\/www.ensemble-vocalia.fr\/wp-content\/uploads\/2011\/02\/vocalia-champagne-300x203.jpg 300w, http:\/\/www.ensemble-vocalia.fr\/wp-content\/uploads\/2011\/02\/vocalia-champagne.jpg 1180w\" sizes=\"auto, (max-width: 590px) 100vw, 590px\" \/><\/a><p id=\"caption-attachment-173\" class=\"wp-caption-text\">L&rsquo;Ensemble Vocalia en Champagne &#8211; 1998<\/p><\/div>\n<h3 style=\"text-align: left;\"><strong>3.\u00a0 <\/strong><strong>DINGOLFING mai 2000<\/strong><\/h3>\n<p style=\"text-align: left;\">Dans le cadre du jumelage des villes de Dingolfing et Brumath, l\u2019Ensemble Vocalia a \u00e9t\u00e9 invit\u00e9 par l\u2019ensemble vocal LIEDERTAFEL pour les festivit\u00e9s de son 150<sup>\u00e8me<\/sup> anniversaire.<\/p>\n<p style=\"text-align: left;\">L\u2019accueil bavarois, en fanfares et trompettes, fut des plus chaleureux.<\/p>\n<p style=\"text-align: left;\">[nggallery id=2]<\/p>\n<p style=\"text-align: left;\">Les deux chorales avaient concoct\u00e9 un programme \u00e9clectique qui\u00a0emmenait les auditeurs dans un voyage musical autour du monde.<\/p>\n<div id=\"attachment_181\" style=\"width: 590px\" class=\"wp-caption alignnone\"><a href=\"http:\/\/www.ensemble-vocalia.fr\/wp-content\/uploads\/2011\/02\/vocalia-Dingolfing-3.jpg\"><img loading=\"lazy\" decoding=\"async\" aria-describedby=\"caption-attachment-181\" class=\"size-large wp-image-181\" title=\"vocalia-Dingolfing-(3)\" src=\"http:\/\/www.ensemble-vocalia.fr\/wp-content\/uploads\/2011\/02\/vocalia-Dingolfing-3-1024x680.jpg\" alt=\"\" width=\"590\" height=\"391\" srcset=\"http:\/\/www.ensemble-vocalia.fr\/wp-content\/uploads\/2011\/02\/vocalia-Dingolfing-3-1024x680.jpg 1024w, http:\/\/www.ensemble-vocalia.fr\/wp-content\/uploads\/2011\/02\/vocalia-Dingolfing-3-300x199.jpg 300w, http:\/\/www.ensemble-vocalia.fr\/wp-content\/uploads\/2011\/02\/vocalia-Dingolfing-3.jpg 1110w\" sizes=\"auto, (max-width: 590px) 100vw, 590px\" \/><\/a><p id=\"caption-attachment-181\" class=\"wp-caption-text\">L&rsquo;Ensemble Vocalia \u00e0 Dingolfing<\/p><\/div>\n<p style=\"text-align: left;\">Vocalia pr\u00e9senta en 1<sup>\u00e8re<\/sup> partie un programme de chansons fran\u00e7aises et alsaciennes et en seconde partie des chansons africaines accompagn\u00e9es par le djemb\u00e9 du percussionniste Souma\u00efla Guera-Bari.<\/p>\n<p style=\"text-align: left;\">\u00a0[nggallery id=3]<\/p>\n<p style=\"text-align: left;\">Le s\u00e9jour s\u2019est achev\u00e9 apr\u00e8s une visite de l\u2019usine du constructeur automobile BMW dont les mod\u00e8les en ont fait r\u00eaver plus d\u2019un\u2026<\/p>\n<h3 style=\"text-align: left;\"><strong>4.\u00a0 LA BELGIQUE du 26 au 28 mai 2007<\/strong><\/h3>\n<p style=\"text-align: left;\">Les \u00ab\u00a0Vocaliens\u00a0\u00bb ont d\u00e9couvert les richesses historiques et culturelles de Bruxelles, Bruges et Gand.<\/p>\n<ul style=\"text-align: left;\">\n<li>Visite panoramique en autocar de Bruxelles et de ses faubourgs<\/li>\n<li>Visite \u00e0 pied du centre de Bruges<\/li>\n<li>Visite de la brasserie Straffe Hendrick<\/li>\n<li>Visite de Chocostory, mus\u00e9e qui retrace toute l\u2019histoire du chocolat depuis les civilisations pr\u00e9colombiennes jusqu\u2019\u00e0 nos jours<\/li>\n<li>Promenade sur les canaux de Bruges<\/li>\n<li>Visite de Gand, capitale de la Flandre orientale<\/li>\n<\/ul>\n<p style=\"text-align: left;\">Un concert improvis\u00e9 sur la Grand-Place de Gand a conclu ce voyage qui a permis de resserrer les liens entre choristes.<\/p>\n<h3 style=\"text-align: left;\"><strong>5.\u00a0\u00a0LE LUXEMBOURG les 1 et 2 octobre 2011<\/strong><\/h3>\n<p>En ce premier week-end d\u2019octobre la Chorale VOCALIA s\u2019est \u00e9vad\u00e9e au Luxembourg. Au programme du premier jour figuraient la visite de la capitale c\u00e9l\u00e8bre pour ses 110 ponts, la d\u00e9couverte de la ville, de ses b\u00e2timents remarquables et la visite du ch\u00e2teau de Vianden, v\u00e9ritable forteresse bien conserv\u00e9e et encore meubl\u00e9e.<\/p>\n<p>Le deuxi\u00e8me jour fut consacr\u00e9 \u00e0 la visite comment\u00e9e des Caves Saint Martin \u00e0 Remich suivie d\u2019une d\u00e9gustation de vin p\u00e9tillant. Comme le bon vin r\u00e9jouit le c\u0153ur de l\u2019homme (proverbe latin\u00a0: Bonum vinum\u00a0 laetificat cor hominis), un petit concert fut improvis\u00e9 sous un soleil complice. Arriva ensuite la croisi\u00e8re-d\u00e9jeuner sur la Moselle, un v\u00e9ritable moment de gr\u00e2ce avec des paysages reposants.<\/p>\n<div id=\"attachment_299\" style=\"width: 590px\" class=\"wp-caption alignnone\"><a href=\"http:\/\/www.ensemble-vocalia.fr\/wp-content\/uploads\/2011\/02\/photo_luxembourg.jpg\"><img loading=\"lazy\" decoding=\"async\" aria-describedby=\"caption-attachment-299\" class=\"size-full wp-image-299\" title=\"photo_luxembourg\" src=\"http:\/\/www.ensemble-vocalia.fr\/wp-content\/uploads\/2011\/02\/photo_luxembourg.jpg\" alt=\"\" width=\"590\" height=\"390\" srcset=\"http:\/\/www.ensemble-vocalia.fr\/wp-content\/uploads\/2011\/02\/photo_luxembourg.jpg 590w, http:\/\/www.ensemble-vocalia.fr\/wp-content\/uploads\/2011\/02\/photo_luxembourg-300x198.jpg 300w\" sizes=\"auto, (max-width: 590px) 100vw, 590px\" \/><\/a><p id=\"caption-attachment-299\" class=\"wp-caption-text\">Vocalia au Luxembourg<\/p><\/div>\n<p>Un dernier d\u00e9tour par Nancy, c\u00e9l\u00e8bre pour sa splendide Place Stanislas \u00e9clair\u00e9e \u00e0 la tomb\u00e9e de la nuit, acheva en beaut\u00e9 cette escapade automnale.<\/p>\n","protected":false},"excerpt":{"rendered":"<p>1. \u00a0LA BOURGOGNE du 21 au 23 mai 1994 L\u2019Ensemble Vocalia\u00a0 a \u00e9t\u00e9 accueilli par la chorale \u00ab\u00a0A C\u0153ur Joie\u00a0\u00bb de M\u00e2con. Apr\u00e8s un concert \u00e0 l\u2019\u00e9glise de la Coup\u00e9e \u00e0 CHARNAY-LES-MACON le samedi 21 mai, les participants ont \u00e9t\u00e9 h\u00e9berg\u00e9s dans les familles des choristes pour certains, les autres au lyc\u00e9e h\u00f4telier de M\u00e2con. &hellip; <\/p>\n<p><a class=\"more-link btn\" href=\"http:\/\/www.ensemble-vocalia.fr\/?page_id=137\">Lire la suite<\/a><\/p>\n","protected":false},"author":2,"featured_media":0,"parent":0,"menu_order":0,"comment_status":"closed","ping_status":"open","template":"","meta":{"footnotes":""},"class_list":["post-137","page","type-page","status-publish","hentry","nodate","item-wrap"],"_links":{"self":[{"href":"http:\/\/www.ensemble-vocalia.fr\/index.php?rest_route=\/wp\/v2\/pages\/137","targetHints":{"allow":["GET"]}}],"collection":[{"href":"http:\/\/www.ensemble-vocalia.fr\/index.php?rest_route=\/wp\/v2\/pages"}],"about":[{"href":"http:\/\/www.ensemble-vocalia.fr\/index.php?rest_route=\/wp\/v2\/types\/page"}],"author":[{"embeddable":true,"href":"http:\/\/www.ensemble-vocalia.fr\/index.php?rest_route=\/wp\/v2\/users\/2"}],"replies":[{"embeddable":true,"href":"http:\/\/www.ensemble-vocalia.fr\/index.php?rest_route=%2Fwp%2Fv2%2Fcomments&post=137"}],"version-history":[{"count":24,"href":"http:\/\/www.ensemble-vocalia.fr\/index.php?rest_route=\/wp\/v2\/pages\/137\/revisions"}],"predecessor-version":[{"id":781,"href":"http:\/\/www.ensemble-vocalia.fr\/index.php?rest_route=\/wp\/v2\/pages\/137\/revisions\/781"}],"wp:attachment":[{"href":"http:\/\/www.ensemble-vocalia.fr\/index.php?rest_route=%2Fwp%2Fv2%2Fmedia&parent=137"}],"curies":[{"name":"wp","href":"https:\/\/api.w.org\/{rel}","templated":true}]}}