{"id":224,"date":"2011-03-11T10:48:42","date_gmt":"2011-03-11T10:48:42","guid":{"rendered":"http:\/\/www.ensemble-vocalia.fr\/?page_id=224"},"modified":"2014-08-19T20:07:21","modified_gmt":"2014-08-19T20:07:21","slug":"les-extras","status":"publish","type":"page","link":"http:\/\/www.ensemble-vocalia.fr\/?page_id=224","title":{"rendered":"Les extras"},"content":{"rendered":"<h2><strong>L\u2019ensemble Vocalia en formation vocale<\/strong><\/h2>\n<div id=\"attachment_229\" style=\"width: 300px\" class=\"wp-caption alignleft\"><a href=\"http:\/\/www.ensemble-vocalia.fr\/wp-content\/uploads\/2011\/03\/formation_Ildiko-05-03-2011.jpg\"><img loading=\"lazy\" decoding=\"async\" aria-describedby=\"caption-attachment-229\" class=\"size-medium wp-image-229\" title=\"formation_Ildiko-05-03-2011\" src=\"http:\/\/www.ensemble-vocalia.fr\/wp-content\/uploads\/2011\/03\/formation_Ildiko-05-03-2011-300x199.jpg\" alt=\"\" width=\"300\" height=\"199\" srcset=\"http:\/\/www.ensemble-vocalia.fr\/wp-content\/uploads\/2011\/03\/formation_Ildiko-05-03-2011-300x199.jpg 300w, http:\/\/www.ensemble-vocalia.fr\/wp-content\/uploads\/2011\/03\/formation_Ildiko-05-03-2011.jpg 425w\" sizes=\"auto, (max-width: 300px) 100vw, 300px\" \/><\/a><p id=\"caption-attachment-229\" class=\"wp-caption-text\">L&rsquo;Ensemble Vocalia en plein travail<\/p><\/div>\n<p style=\"text-align: justify;\">Mais qu\u2019allaient-ils donc faire \u00e0 l\u2019\u00e9cole, le samedi 5 mars 2011\u00a0apr\u00e8s-midi, et pendant les vacances scolaires, ces enseignants, de plus, presque tous \u00e0 la retraite\u00a0? Coup de blues\u00a0? Petit rappel\u00a0? Exc\u00e8s de z\u00e8le\u00a0 ? \u00a0Que non pas, rien de tout cela\u00a0! Il suffisait de d\u00e9couvrir la Ma\u00eetresse du jour pour comprendre leur app\u00e9tit \u00e0 ces heures suppl\u00e9mentaires d\u2019un nouveau type\u00a0: car bottes de cuir et clips ethniques, jean sous jupe, et \u0153il de jais, ceinturon et noir chignon, p\u00e9tulante et dynamique, comp\u00e9tente et charismatique\u00a0,\u00a0 c\u2019est d\u2019une voix de Diva, et avec une ma\u00eetrise appr\u00e9ci\u00e9e, que Mme Ildiko Lorentz, soprano, \u00a0a tenu durant quatre heures, entre th\u00e9orie, technique et pratique, son auditoire en haleine\u00a0!\u00a0 C\u2019est avec bonheur que les choristes de VOCALIA se sont laiss\u00e9 conter leurs cordes vocales et cavit\u00e9 buccale, leur diaphragme haut de gamme, leur luette qui ballotte, leur glotte et \u00e9piglotte,\u00a0 les lois qui les r\u00e9gissent et les techniques qui les assouplissent, les sons qui sortent et ceux qui coincent, pourquoi \u00e7a couine et comment \u00e7a culmine. Puis pour faire mentir l\u2019adage \u00ab\u00a0souffler n\u2019est pas jouer\u00a0\u00bb, ils ont souffl\u00e9 et ils ont jou\u00e9, ils ont inspir\u00e9 et ils ont expir\u00e9, ils ont aspir\u00e9 \u00e0 mieux soupirer, ils ont m\u00eame un peu chant\u00e9 et ils en ont redemand\u00e9, sous la conduite vigilante de leur enseignante rayonnante. Avant de se s\u00e9parer, ils ont m\u00eame rendu les honneurs au facteur. Mais \u00e7a c\u2019est une autre histoire, et pour la savoir, il fallait y \u00eatre\u00a0: pour ceux que cela tenterait, rendez-vous est pris pour un nouvel apr\u00e8s-midi de folie\u2026<\/p>\n<p style=\"text-align: right;\">Pascale Weiss<\/p>\n<p style=\"text-align: left;\">[nggallery id=4]<\/p>\n<h2 style=\"text-align: left;\"><strong>Chapeau Vocalia<\/strong><\/h2>\n<p>Lundi 20 f\u00e9vrier, la veille du Mardi-Gras, la r\u00e9p\u00e9tition de la chorale avait rev\u00eatu un habit de f\u00eate.<\/p>\n<p style=\"text-align: justify;\">Sous la houlette de Dame Jocelyne \u00e9l\u00e9gamment chapeaut\u00e9e pour la circonstance et du Sieur Alexandre portant un chapeau melon trop petit, une note color\u00e9e flottait \u00e0 la Maison de la Musique devenue atelier d&rsquo;un chapelier. Les choristes, coiff\u00e9s d&rsquo;un dr\u00f4le de couvre-chef, avaient le sourire en d\u00e9couvrant l&rsquo;originalit\u00e9 et l&rsquo;esth\u00e9tique de certaines cr\u00e9ations. La palme d&rsquo;or, \u00e0 mon go\u00fbt, revenait \u00e0 notre charmante pr\u00e9sidente, outrageusement maquill\u00e9e, fausse blonde de surcro\u00eet et m\u00e9connaissable dans un r\u00f4le que nous ne lui connaissions pas&#8230; Bref, ce jour-l\u00e0 le s\u00e9rieux \u00e9tait aux oubliettes !<\/p>\n<p style=\"text-align: justify;\">La soir\u00e9e, anim\u00e9e par notre pianiste cow-boy Roby, se prolongea autour d&rsquo;une d\u00e9licieuse tarte flamb\u00e9e et permit aux Vocaliens d&rsquo;esquisser quelques clowneries et des pas de danse dans cette Auberge de la For\u00eat qui fut, il y a un demi-si\u00e8cle, un dancing champ\u00eatre et une guinguette r\u00e9put\u00e9e.<\/p>\n<p>Ces moments de partage et de convivialit\u00e9 ont rassembl\u00e9, c&rsquo;est certain, des choristes ravis. A refaire.<\/p>\n<p style=\"text-align: right;\">Nicole Haar<\/p>\n<p style=\"text-align: left;\">[nggallery id=6]<\/p>\n<p>&nbsp;<\/p>\n<h2><strong>Marche du 30 juin 2013<\/strong><\/h2>\n<p><a href=\"http:\/\/www.ensemble-vocalia.fr\/wp-content\/uploads\/2011\/03\/DNA-marche-du-30-juin-2013.jpg\"><img loading=\"lazy\" decoding=\"async\" class=\"alignleft  wp-image-641\" src=\"http:\/\/www.ensemble-vocalia.fr\/wp-content\/uploads\/2011\/03\/DNA-marche-du-30-juin-2013-300x300.jpg\" alt=\"DNA marche du 30 juin 2013\" width=\"500\" height=\"500\" srcset=\"http:\/\/www.ensemble-vocalia.fr\/wp-content\/uploads\/2011\/03\/DNA-marche-du-30-juin-2013-300x300.jpg 300w, http:\/\/www.ensemble-vocalia.fr\/wp-content\/uploads\/2011\/03\/DNA-marche-du-30-juin-2013-150x150.jpg 150w, http:\/\/www.ensemble-vocalia.fr\/wp-content\/uploads\/2011\/03\/DNA-marche-du-30-juin-2013.jpg 827w\" sizes=\"auto, (max-width: 500px) 100vw, 500px\" \/><\/a><\/p>\n<p>&nbsp;<\/p>\n<p>&nbsp;<\/p>\n<p>&nbsp;<\/p>\n<p>&nbsp;<\/p>\n<p>&nbsp;<\/p>\n<p>&nbsp;<\/p>\n<p>&nbsp;<\/p>\n<p>&nbsp;<\/p>\n<p>&nbsp;<\/p>\n<p>&nbsp;<\/p>\n<p>&nbsp;<\/p>\n<p>&nbsp;<\/p>\n<p>&nbsp;<\/p>\n<p>&nbsp;<\/p>\n<p>&nbsp;<\/p>\n<p>&nbsp;<\/p>\n<p>&nbsp;<\/p>\n<p>&nbsp;<\/p>\n<p>&nbsp;<\/p>\n<h2><strong>Vocalia au concert des 2000 choristes<\/strong><\/h2>\n<p>Dimanche 10 novembre 2013 une quarantaine de choristes de l&rsquo;Ensemble Vocalia a assist\u00e9 au concert des 2000 choristes \u00e0 Amn\u00e9ville.<\/p>\n<p><a href=\"http:\/\/www.ensemble-vocalia.fr\/wp-content\/uploads\/2011\/03\/Amneville2013.jpg\"><img loading=\"lazy\" decoding=\"async\" class=\"alignleft  wp-image-660\" src=\"http:\/\/www.ensemble-vocalia.fr\/wp-content\/uploads\/2011\/03\/Amneville2013-300x168.jpg\" alt=\"Amneville2013\" width=\"499\" height=\"281\" srcset=\"http:\/\/www.ensemble-vocalia.fr\/wp-content\/uploads\/2011\/03\/Amneville2013-300x168.jpg 300w, http:\/\/www.ensemble-vocalia.fr\/wp-content\/uploads\/2011\/03\/Amneville2013.jpg 640w\" sizes=\"auto, (max-width: 499px) 100vw, 499px\" \/><\/a><\/p>\n<p>&nbsp;<\/p>\n<p>&nbsp;<\/p>\n<p>&nbsp;<\/p>\n<p>&nbsp;<\/p>\n<p>&nbsp;<\/p>\n<p>&nbsp;<\/p>\n<p>&nbsp;<\/p>\n<p>&nbsp;<\/p>\n<p>&nbsp;<\/p>\n<p>&nbsp;<\/p>\n<p>&nbsp;<\/p>\n<h2><strong>La marche du 26 juin 2014<\/strong><\/h2>\n<p>Quelques courageux ont affront\u00e9 la pluie le dimanche matin pour effectuer le parcours concoct\u00e9 par Hubert et Florent. Les autres ont pr\u00e9f\u00e9r\u00e9 rejoindre directement le restaurant du \u00ab\u00a0Bischenberg\u00a0\u00bb sur les hauteurs de Sasbachwalden. Le repas fut convivial et le soleil montra m\u00eame le bout de son nez l&rsquo;apr\u00e8s-midi.<\/p>\n<p><a href=\"http:\/\/www.ensemble-vocalia.fr\/wp-content\/uploads\/2011\/03\/P1190978.jpg\"><img loading=\"lazy\" decoding=\"async\" class=\"alignleft wp-image-776\" src=\"http:\/\/www.ensemble-vocalia.fr\/wp-content\/uploads\/2011\/03\/P1190978-300x168.jpg\" alt=\"P1190978\" width=\"400\" height=\"225\" srcset=\"http:\/\/www.ensemble-vocalia.fr\/wp-content\/uploads\/2011\/03\/P1190978-300x168.jpg 300w, http:\/\/www.ensemble-vocalia.fr\/wp-content\/uploads\/2011\/03\/P1190978-1024x576.jpg 1024w, http:\/\/www.ensemble-vocalia.fr\/wp-content\/uploads\/2011\/03\/P1190978.jpg 1920w\" sizes=\"auto, (max-width: 400px) 100vw, 400px\" \/><\/a><\/p>\n<p>&nbsp;<\/p>\n<p>&nbsp;<\/p>\n<p>&nbsp;<\/p>\n<p>&nbsp;<\/p>\n<p>&nbsp;<\/p>\n<p>&nbsp;<\/p>\n<p>&nbsp;<\/p>\n<h2><\/h2>\n<p>&nbsp;<\/p>\n<p>&nbsp;<\/p>\n<h2><strong>\u00a0Avec les Fous Chantants<\/strong><\/h2>\n<p>10 choristes de l&rsquo;Ensemble Vocalia dont les 2 chefs de ch\u0153ur et le pianiste ont particip\u00e9 \u00e0 la semaine chantante \u00e0 Al\u00e8s. Apr\u00e8s une semaine intense de r\u00e9p\u00e9titions, les Vocaliens ont fait entendre leurs voix au milieu des 1000 choristes lors du concert du samedi 26 juin aux Ar\u00e8nes du Temp\u00e9ras avec Amel Bent en guest star.<\/p>\n<p><a href=\"http:\/\/www.ensemble-vocalia.fr\/wp-content\/uploads\/2011\/03\/groupe_Vocalia.jpg\"><img loading=\"lazy\" decoding=\"async\" class=\"alignleft wp-image-751\" src=\"http:\/\/www.ensemble-vocalia.fr\/wp-content\/uploads\/2011\/03\/groupe_Vocalia-300x253.jpg\" alt=\"groupe_Vocalia\" width=\"250\" height=\"211\" srcset=\"http:\/\/www.ensemble-vocalia.fr\/wp-content\/uploads\/2011\/03\/groupe_Vocalia-300x253.jpg 300w, http:\/\/www.ensemble-vocalia.fr\/wp-content\/uploads\/2011\/03\/groupe_Vocalia-1024x864.jpg 1024w\" sizes=\"auto, (max-width: 250px) 100vw, 250px\" \/><\/a><\/p>\n<p><span style=\"color: #1772af;\"><a href=\"http:\/\/www.ensemble-vocalia.fr\/wp-content\/uploads\/2011\/03\/hommes-2014.jpg\"><img loading=\"lazy\" decoding=\"async\" class=\"alignleft wp-image-758\" src=\"http:\/\/www.ensemble-vocalia.fr\/wp-content\/uploads\/2011\/03\/hommes-2014-300x200.jpg\" alt=\"hommes 2014\" width=\"270\" height=\"180\" srcset=\"http:\/\/www.ensemble-vocalia.fr\/wp-content\/uploads\/2011\/03\/hommes-2014-300x200.jpg 300w, http:\/\/www.ensemble-vocalia.fr\/wp-content\/uploads\/2011\/03\/hommes-2014-1024x682.jpg 1024w, http:\/\/www.ensemble-vocalia.fr\/wp-content\/uploads\/2011\/03\/hommes-2014.jpg 1620w\" sizes=\"auto, (max-width: 270px) 100vw, 270px\" \/><\/a><\/span><\/p>\n<p>&nbsp;<\/p>\n<p><a href=\"http:\/\/www.ensemble-vocalia.fr\/wp-content\/uploads\/2011\/03\/2014_spectacle1.jpg\"><img loading=\"lazy\" decoding=\"async\" class=\"alignleft wp-image-741\" src=\"http:\/\/www.ensemble-vocalia.fr\/wp-content\/uploads\/2011\/03\/2014_spectacle1-300x166.jpg\" alt=\"le concert du 26 juin 2014\" width=\"500\" height=\"277\" srcset=\"http:\/\/www.ensemble-vocalia.fr\/wp-content\/uploads\/2011\/03\/2014_spectacle1-300x166.jpg 300w, http:\/\/www.ensemble-vocalia.fr\/wp-content\/uploads\/2011\/03\/2014_spectacle1.jpg 870w\" sizes=\"auto, (max-width: 500px) 100vw, 500px\" \/><\/a>\u00a0<a href=\"http:\/\/www.ensemble-vocalia.fr\/wp-content\/uploads\/2011\/03\/Amel-Bent_Ales2014.jpg\"><img loading=\"lazy\" decoding=\"async\" class=\"alignleft wp-image-748\" src=\"http:\/\/www.ensemble-vocalia.fr\/wp-content\/uploads\/2011\/03\/Amel-Bent_Ales2014-300x200.jpg\" alt=\"Amel-Bent_Ales2014\" width=\"300\" height=\"200\" srcset=\"http:\/\/www.ensemble-vocalia.fr\/wp-content\/uploads\/2011\/03\/Amel-Bent_Ales2014-300x200.jpg 300w, http:\/\/www.ensemble-vocalia.fr\/wp-content\/uploads\/2011\/03\/Amel-Bent_Ales2014-1024x682.jpg 1024w, http:\/\/www.ensemble-vocalia.fr\/wp-content\/uploads\/2011\/03\/Amel-Bent_Ales2014.jpg 1620w\" sizes=\"auto, (max-width: 300px) 100vw, 300px\" \/><\/a><\/p>\n<p>&nbsp;<\/p>\n<p>&nbsp;<\/p>\n<p>&nbsp;<\/p>\n<p>&nbsp;<\/p>\n<p>&nbsp;<\/p>\n<p>&nbsp;<\/p>\n<p><img loading=\"lazy\" decoding=\"async\" class=\"alignleft size-medium wp-image-742\" src=\"http:\/\/www.ensemble-vocalia.fr\/wp-content\/uploads\/2011\/03\/MG_0088.jpg\" alt=\"_MG_0088\" width=\"1\" height=\"1\" \/><\/p>\n","protected":false},"excerpt":{"rendered":"<p>L\u2019ensemble Vocalia en formation vocale Mais qu\u2019allaient-ils donc faire \u00e0 l\u2019\u00e9cole, le samedi 5 mars 2011\u00a0apr\u00e8s-midi, et pendant les vacances scolaires, ces enseignants, de plus, presque tous \u00e0 la retraite\u00a0? Coup de blues\u00a0? Petit rappel\u00a0? Exc\u00e8s de z\u00e8le\u00a0 ? \u00a0Que non pas, rien de tout cela\u00a0! Il suffisait de d\u00e9couvrir la Ma\u00eetresse du jour pour &hellip; <\/p>\n<p><a class=\"more-link btn\" href=\"http:\/\/www.ensemble-vocalia.fr\/?page_id=224\">Lire la suite<\/a><\/p>\n","protected":false},"author":2,"featured_media":0,"parent":0,"menu_order":0,"comment_status":"open","ping_status":"open","template":"","meta":{"footnotes":""},"class_list":["post-224","page","type-page","status-publish","hentry","nodate","item-wrap"],"_links":{"self":[{"href":"http:\/\/www.ensemble-vocalia.fr\/index.php?rest_route=\/wp\/v2\/pages\/224","targetHints":{"allow":["GET"]}}],"collection":[{"href":"http:\/\/www.ensemble-vocalia.fr\/index.php?rest_route=\/wp\/v2\/pages"}],"about":[{"href":"http:\/\/www.ensemble-vocalia.fr\/index.php?rest_route=\/wp\/v2\/types\/page"}],"author":[{"embeddable":true,"href":"http:\/\/www.ensemble-vocalia.fr\/index.php?rest_route=\/wp\/v2\/users\/2"}],"replies":[{"embeddable":true,"href":"http:\/\/www.ensemble-vocalia.fr\/index.php?rest_route=%2Fwp%2Fv2%2Fcomments&post=224"}],"version-history":[{"count":37,"href":"http:\/\/www.ensemble-vocalia.fr\/index.php?rest_route=\/wp\/v2\/pages\/224\/revisions"}],"predecessor-version":[{"id":780,"href":"http:\/\/www.ensemble-vocalia.fr\/index.php?rest_route=\/wp\/v2\/pages\/224\/revisions\/780"}],"wp:attachment":[{"href":"http:\/\/www.ensemble-vocalia.fr\/index.php?rest_route=%2Fwp%2Fv2%2Fmedia&parent=224"}],"curies":[{"name":"wp","href":"https:\/\/api.w.org\/{rel}","templated":true}]}}