{"id":5,"date":"2010-10-18T13:00:48","date_gmt":"2010-10-18T13:00:48","guid":{"rendered":"http:\/\/www.ensemble-vocalia.fr\/?page_id=5"},"modified":"2025-09-30T14:17:15","modified_gmt":"2025-09-30T14:17:15","slug":"contact","status":"publish","type":"page","link":"http:\/\/www.ensemble-vocalia.fr\/?page_id=5","title":{"rendered":"Contact"},"content":{"rendered":"<h2 style=\"text-align: center;\"><strong>R\u00e9p\u00e9titions de l&rsquo;Ensemble Vocalia<\/strong><\/h2>\n<address style=\"text-align: center;\">tous les lundis de 17h30 \u00e0 19h30<br \/>\n\u00e0 l&rsquo;Auditorium de Brumath<\/address>\n<p>&nbsp;<\/p>\n<h3>Le comit\u00e9<strong>\u00a0<\/strong><\/h3>\n<ul>\n<li><strong>Pr\u00e9sidente <\/strong>: Gaby HOFFMANN<\/li>\n<li><strong>Vice-pr\u00e9sident : <\/strong>Joseph BURCKEL<\/li>\n<li><strong>Directeurs musicaux<\/strong>\u00a0:\u00a0Jocelyne REINBOLT et Martin STARCK<\/li>\n<li><strong>Secr\u00e9taire<\/strong>\u00a0: Claudine LANG<\/li>\n<li><strong>Secr\u00e9taire adjoint\u00a0<\/strong>: Charlotte VOLTZENLUGEL<\/li>\n<li><strong>Tr\u00e9sorier<\/strong> : Astride LAUER<\/li>\n<li><strong>Tr\u00e9sorier adjoint <\/strong>: Mirianne KLEIN<\/li>\n<li><strong>Tr\u00e9sori\u00e8re compte \u00e9pargne :<\/strong> Charlotte VOLTZENLUGEL<\/li>\n<li><strong>Responsable partitions du pianiste :<\/strong> Mich\u00e8le GROSS<\/li>\n<li><strong>Responsables des voix<\/strong>\u00a0:\n<ul>\n<li><strong><em>Sopranes 1<\/em><\/strong> : Nicole HAAR<\/li>\n<li><strong><em>Sopranes 2 :<\/em><\/strong> Marie-Claire HIRSCH<\/li>\n<li><strong><em>Altos <\/em><\/strong><strong>: <\/strong>Gaby HOFFMANN<\/li>\n<li><strong><em>Tenors<\/em><\/strong>\u00a0: Joseph BURCKEL<\/li>\n<li><strong><em>Basses\u00a0:<\/em><\/strong> Florent SPINNER<\/li>\n<\/ul>\n<\/li>\n<li><strong>Relations publiques <\/strong>: Bernard FELTEN, Nicole HAAR<\/li>\n<li><strong>Responsables accessoires\u00a0<\/strong>: Mirianne KLEIN, Marie-Claire HIRSCH<\/li>\n<\/ul>\n<p>&nbsp;<\/p>\n<h4>\u00a0Pour contacter l&rsquo;Ensemble Vocalia, n&rsquo;h\u00e9sitez pas \u00e0 utiliser le formulaire ci-dessous :<\/h4>\n\n<div class=\"wpcf7 no-js\" id=\"wpcf7-f463-o1\" lang=\"\" dir=\"ltr\" data-wpcf7-id=\"463\">\n<div class=\"screen-reader-response\"><p role=\"status\" aria-live=\"polite\" aria-atomic=\"true\"><\/p> <ul><\/ul><\/div>\n<form action=\"\/index.php?rest_route=%2Fwp%2Fv2%2Fpages%2F5#wpcf7-f463-o1\" method=\"post\" class=\"wpcf7-form init\" aria-label=\"Formulaire de contact\" novalidate=\"novalidate\" data-status=\"init\">\n<fieldset class=\"hidden-fields-container\"><input type=\"hidden\" name=\"_wpcf7\" value=\"463\" \/><input type=\"hidden\" name=\"_wpcf7_version\" value=\"6.1.4\" \/><input type=\"hidden\" name=\"_wpcf7_locale\" value=\"\" \/><input type=\"hidden\" name=\"_wpcf7_unit_tag\" value=\"wpcf7-f463-o1\" \/><input type=\"hidden\" name=\"_wpcf7_container_post\" value=\"0\" \/><input type=\"hidden\" name=\"_wpcf7_posted_data_hash\" value=\"\" \/>\n<\/fieldset>\n<p>Votre nom (obligatoire)\n<\/p>\n<p><span class=\"wpcf7-form-control-wrap\" data-name=\"your-name\"><input size=\"40\" maxlength=\"400\" class=\"wpcf7-form-control wpcf7-text wpcf7-validates-as-required\" aria-required=\"true\" aria-invalid=\"false\" value=\"\" type=\"text\" name=\"your-name\" \/><\/span>\n<\/p>\n<p>Votre pr\u00e9nom (obligatoire)\n<\/p>\n<p><span class=\"wpcf7-form-control-wrap\" data-name=\"your-prename\"><input size=\"40\" maxlength=\"400\" class=\"wpcf7-form-control wpcf7-text wpcf7-validates-as-required\" aria-required=\"true\" aria-invalid=\"false\" value=\"\" type=\"text\" name=\"your-prename\" \/><\/span>\n<\/p>\n<p>Votre email (obligatoire)\n<\/p>\n<p><span class=\"wpcf7-form-control-wrap\" data-name=\"your-email\"><input size=\"40\" maxlength=\"400\" class=\"wpcf7-form-control wpcf7-email wpcf7-validates-as-required wpcf7-text wpcf7-validates-as-email\" aria-required=\"true\" aria-invalid=\"false\" value=\"\" type=\"email\" name=\"your-email\" \/><\/span>\n<\/p>\n<p>Sujet\n<\/p>\n<p><span class=\"wpcf7-form-control-wrap\" data-name=\"your-subject\"><input size=\"40\" maxlength=\"400\" class=\"wpcf7-form-control wpcf7-text\" aria-invalid=\"false\" value=\"\" type=\"text\" name=\"your-subject\" \/><\/span>\n<\/p>\n<p>Votre message\n<\/p>\n<p><span class=\"wpcf7-form-control-wrap\" data-name=\"your-message\"><textarea cols=\"40\" rows=\"10\" maxlength=\"2000\" class=\"wpcf7-form-control wpcf7-textarea wpcf7-validates-as-required\" aria-required=\"true\" aria-invalid=\"false\" name=\"your-message\"><\/textarea><\/span>\n<\/p>\n<p><input class=\"wpcf7-form-control wpcf7-submit has-spinner\" type=\"submit\" value=\"Envoyer\" \/>\n<\/p><p style=\"display: none !important;\" class=\"akismet-fields-container\" data-prefix=\"_wpcf7_ak_\"><label>&#916;<textarea name=\"_wpcf7_ak_hp_textarea\" cols=\"45\" rows=\"8\" maxlength=\"100\"><\/textarea><\/label><input type=\"hidden\" id=\"ak_js_1\" name=\"_wpcf7_ak_js\" value=\"129\"\/><script>document.getElementById( \"ak_js_1\" ).setAttribute( \"value\", ( new Date() ).getTime() );<\/script><\/p><div class=\"wpcf7-response-output\" aria-hidden=\"true\"><\/div>\n<\/form>\n<\/div>\n\n","protected":false},"excerpt":{"rendered":"<p>R\u00e9p\u00e9titions de l&rsquo;Ensemble Vocalia tous les lundis de 17h30 \u00e0 19h30 \u00e0 l&rsquo;Auditorium de Brumath &nbsp; Le comit\u00e9\u00a0 Pr\u00e9sidente : Gaby HOFFMANN Vice-pr\u00e9sident : Joseph BURCKEL Directeurs musicaux\u00a0:\u00a0Jocelyne REINBOLT et Martin STARCK Secr\u00e9taire\u00a0: Claudine LANG Secr\u00e9taire adjoint\u00a0: Charlotte VOLTZENLUGEL Tr\u00e9sorier : Astride LAUER Tr\u00e9sorier adjoint : Mirianne KLEIN Tr\u00e9sori\u00e8re compte \u00e9pargne : Charlotte VOLTZENLUGEL Responsable &hellip; <\/p>\n<p><a class=\"more-link btn\" href=\"http:\/\/www.ensemble-vocalia.fr\/?page_id=5\">Lire la suite<\/a><\/p>\n","protected":false},"author":1,"featured_media":0,"parent":0,"menu_order":5,"comment_status":"closed","ping_status":"closed","template":"","meta":{"footnotes":""},"class_list":["post-5","page","type-page","status-publish","hentry","nodate","item-wrap"],"_links":{"self":[{"href":"http:\/\/www.ensemble-vocalia.fr\/index.php?rest_route=\/wp\/v2\/pages\/5","targetHints":{"allow":["GET"]}}],"collection":[{"href":"http:\/\/www.ensemble-vocalia.fr\/index.php?rest_route=\/wp\/v2\/pages"}],"about":[{"href":"http:\/\/www.ensemble-vocalia.fr\/index.php?rest_route=\/wp\/v2\/types\/page"}],"author":[{"embeddable":true,"href":"http:\/\/www.ensemble-vocalia.fr\/index.php?rest_route=\/wp\/v2\/users\/1"}],"replies":[{"embeddable":true,"href":"http:\/\/www.ensemble-vocalia.fr\/index.php?rest_route=%2Fwp%2Fv2%2Fcomments&post=5"}],"version-history":[{"count":22,"href":"http:\/\/www.ensemble-vocalia.fr\/index.php?rest_route=\/wp\/v2\/pages\/5\/revisions"}],"predecessor-version":[{"id":1272,"href":"http:\/\/www.ensemble-vocalia.fr\/index.php?rest_route=\/wp\/v2\/pages\/5\/revisions\/1272"}],"wp:attachment":[{"href":"http:\/\/www.ensemble-vocalia.fr\/index.php?rest_route=%2Fwp%2Fv2%2Fmedia&parent=5"}],"curies":[{"name":"wp","href":"https:\/\/api.w.org\/{rel}","templated":true}]}}