{"id":97,"date":"2011-02-26T13:54:58","date_gmt":"2011-02-26T13:54:58","guid":{"rendered":"http:\/\/www.ensemble-vocalia.fr\/?page_id=97"},"modified":"2018-05-11T07:31:54","modified_gmt":"2018-05-11T07:31:54","slug":"nos-grands-moments-musicaux","status":"publish","type":"page","link":"http:\/\/www.ensemble-vocalia.fr\/?page_id=97","title":{"rendered":"Grands moments"},"content":{"rendered":"<p><strong>NOS GRANDS MOMENTS MUSICAUX<\/strong><\/p>\n<p>L&rsquo;Ensemble Vocalia est une chorale tr\u00e8s dynamique qui n&rsquo;h\u00e9site pas \u00e0 apporter son concours \u00e0 de nombreux spectacles historiques (en salle et en plein air), \u00e0 interpr\u00e9ter de grandes oeuvres classiques et donne r\u00e9guli\u00e8rement des concerts au profit d&rsquo;oeuvres caritatives.<\/p>\n<h4><strong>1.\u00a0\u00a0\u00a0\u00a0\u00a0 SPECTACLES HISTORIQUES<\/strong><\/h4>\n<p style=\"padding-left: 60px;\"><strong>1987<\/strong>\u00a0: L\u2019Histoire Vive<\/p>\n<p style=\"padding-left: 60px;\"><strong>1989<\/strong>\u00a0: Brumath, L\u00e8ve-toi<\/p>\n<p style=\"text-align: center;\"><object width=\"400\" height=\"267\" classid=\"clsid:d27cdb6e-ae6d-11cf-96b8-444553540000\" codebase=\"http:\/\/download.macromedia.com\/pub\/shockwave\/cabs\/flash\/swflash.cab#version=6,0,40,0\"><param name=\"flashvars\" value=\"host=picasaweb.google.com&amp;captions=1&amp;noautoplay=1&amp;hl=fr&amp;feat=flashalbum&amp;RGB=0x000000&amp;feed=https%3A%2F%2Fpicasaweb.google.com%2Fdata%2Ffeed%2Fapi%2Fuser%2Fgabyhof67%2Falbumid%2F5578032902448014897%3Falt%3Drss%26kind%3Dphoto%26authkey%3DGv1sRgCMayrYbXx6GhoAE%26hl%3Dfr\" \/><param name=\"src\" value=\"https:\/\/picasaweb.google.com\/s\/c\/bin\/slideshow.swf\" \/><embed width=\"400\" height=\"267\" type=\"application\/x-shockwave-flash\" src=\"https:\/\/picasaweb.google.com\/s\/c\/bin\/slideshow.swf\" flashvars=\"host=picasaweb.google.com&amp;captions=1&amp;noautoplay=1&amp;hl=fr&amp;feat=flashalbum&amp;RGB=0x000000&amp;feed=https%3A%2F%2Fpicasaweb.google.com%2Fdata%2Ffeed%2Fapi%2Fuser%2Fgabyhof67%2Falbumid%2F5578032902448014897%3Falt%3Drss%26kind%3Dphoto%26authkey%3DGv1sRgCMayrYbXx6GhoAE%26hl%3Dfr\" \/><\/object><\/p>\n<p style=\"padding-left: 60px;\"><strong>1991<\/strong>\u00a0: l\u2019Entre-Deux<\/p>\n<p style=\"text-align: center;\"><object width=\"400\" height=\"267\" classid=\"clsid:d27cdb6e-ae6d-11cf-96b8-444553540000\" codebase=\"http:\/\/download.macromedia.com\/pub\/shockwave\/cabs\/flash\/swflash.cab#version=6,0,40,0\"><param name=\"flashvars\" value=\"host=picasaweb.google.com&amp;captions=1&amp;noautoplay=1&amp;hl=fr&amp;feat=flashalbum&amp;RGB=0x000000&amp;feed=https%3A%2F%2Fpicasaweb.google.com%2Fdata%2Ffeed%2Fapi%2Fuser%2Fgabyhof67%2Falbumid%2F5578033073551034753%3Falt%3Drss%26kind%3Dphoto%26authkey%3DGv1sRgCML548iqoYubhAE%26hl%3Dfr\" \/><param name=\"src\" value=\"https:\/\/picasaweb.google.com\/s\/c\/bin\/slideshow.swf\" \/><embed width=\"400\" height=\"267\" type=\"application\/x-shockwave-flash\" src=\"https:\/\/picasaweb.google.com\/s\/c\/bin\/slideshow.swf\" flashvars=\"host=picasaweb.google.com&amp;captions=1&amp;noautoplay=1&amp;hl=fr&amp;feat=flashalbum&amp;RGB=0x000000&amp;feed=https%3A%2F%2Fpicasaweb.google.com%2Fdata%2Ffeed%2Fapi%2Fuser%2Fgabyhof67%2Falbumid%2F5578033073551034753%3Falt%3Drss%26kind%3Dphoto%26authkey%3DGv1sRgCML548iqoYubhAE%26hl%3Dfr\" \/><\/object><\/p>\n<p style=\"padding-left: 60px;\"><strong>1993<\/strong>\u00a0: Isaac<\/p>\n<p style=\"padding-left: 60px;\"><strong>1995<\/strong>\u00a0: Tu Seras Femme<\/p>\n<p style=\"padding-left: 60px;\"><strong>1997<\/strong>\u00a0: Malgr\u00e9 Nous<\/p>\n<p><em>Ces spectacles historiques ont \u00e9t\u00e9 \u00e9crits par Charly Damm et jou\u00e9s \u00e0 Brumath, au Palais des Congr\u00e8s de Strasbourg et au Hall Rh\u00e9nus de Strasbourg.<\/em><\/p>\n<p style=\"padding-left: 60px;\"><strong>2008<\/strong>\u00a0:\u00a0\u00ab\u00a0Nous sommes tous des Alsaciens\u00a0\u00bb de J-M Steinbach et Charly Damm<\/p>\n<p style=\"padding-left: 60px;\"><strong>2010<\/strong>\u00a0: \u00ab\u00a0Les tribulations d&rsquo;Eudebert, le magicien de l\u2019Histoire\u00a0\u00bb de J-M Steinbach et Yvon Jean<\/p>\n<p><em>Ces 2 spectacles de plein air ont \u00e9t\u00e9 cr\u00e9\u00e9s et jou\u00e9s dans le cadre de la <a href=\"http:\/\/www.fete-des-fifres.alsace\" target=\"_blank\" rel=\"noopener\">F\u00eate des Fifres de Bischwiller<\/a>.<\/em> <strong>\u00a0\u00a0\u00a0\u00a0\u00a0\u00a0\u00a0\u00a0\u00a0\u00a0\u00a0\u00a0\u00a0\u00a0\u00a0\u00a0\u00a0\u00a0\u00a0<\/strong><\/p>\n<p style=\"padding-left: 60px;\"><strong>2011<\/strong> :<em> \u00ab <\/em>Les Malgr\u00e9-Nous\u00a0<em>\u00bb <\/em>de Charly Damm. Spectacle en plein air \u00e0\u00a0Baerenthal.<\/p>\n<p style=\"padding-left: 60px;\"><strong>2012<\/strong> : \u00ab 1262 la Bataille de Hausbergen \u00bb de Georges Bischoff\u00a0et Charly Damm\u00a0au Z\u00e9nith de Strasbourg.<\/p>\n<h4><strong>2.\u00a0\u00a0\u00a0\u00a0\u00a0 <\/strong><strong>\u0152U<\/strong><strong>VRES CLASSIQUES<\/strong><\/h4>\n<p><strong>Mars 1996<\/strong>\u00a0: Requiem en do mineur de CHERUBINI avec la Chorale des Enseignants de Strasbourg et la Philarmonie, orchestre symphonique de Strasbourg, sous la direction de G\u00e9rard Foltz.<\/p>\n<div id=\"attachment_118\" style=\"width: 425px\" class=\"wp-caption alignnone\"><a href=\"http:\/\/www.ensemble-vocalia.fr\/wp-content\/uploads\/2011\/02\/vocalia-Requiem-CHERUBINI-_mars1996.jpg\"><img loading=\"lazy\" decoding=\"async\" aria-describedby=\"caption-attachment-118\" class=\"size-full wp-image-118\" title=\"Requiem CHERUBINI mars 1996\" src=\"http:\/\/www.ensemble-vocalia.fr\/wp-content\/uploads\/2011\/02\/vocalia-Requiem-CHERUBINI-_mars1996.jpg\" alt=\"\" width=\"425\" height=\"283\" srcset=\"http:\/\/www.ensemble-vocalia.fr\/wp-content\/uploads\/2011\/02\/vocalia-Requiem-CHERUBINI-_mars1996.jpg 425w, http:\/\/www.ensemble-vocalia.fr\/wp-content\/uploads\/2011\/02\/vocalia-Requiem-CHERUBINI-_mars1996-300x199.jpg 300w\" sizes=\"auto, (max-width: 425px) 100vw, 425px\" \/><\/a><p id=\"caption-attachment-118\" class=\"wp-caption-text\">Requiem CHERUBINI mars 1996<\/p><\/div>\n<p><strong>Mars 2001<\/strong>\u00a0: Messe br\u00e8ve n\u00b07 en Do \u00ab\u00a0aux chapelles\u00a0\u00bb de Charles Gounod avec les 3 autres chorales d\u2019Enseignants du Bas-Rhin\u00a0:<\/p>\n<ul>\n<li>les Ma\u00eetres Chanteurs de Sarre-Union<\/li>\n<li>La Chorale des Enseignants de Haguenau<\/li>\n<li>La Chorale des Enseignants de Strasbourg<\/li>\n<\/ul>\n<p><strong>\u00a0<\/strong><\/p>\n<h4><strong>3.\u00a0\u00a0\u00a0\u00a0 Passage TV<\/strong><\/h4>\n<div id=\"attachment_113\" style=\"width: 425px\" class=\"wp-caption alignnone\"><a href=\"http:\/\/www.ensemble-vocalia.fr\/wp-content\/uploads\/2011\/02\/vocalia-Tea-Theim_avril2001.jpg\"><img loading=\"lazy\" decoding=\"async\" aria-describedby=\"caption-attachment-113\" class=\"size-full wp-image-113 \" title=\"Tea T'heim avril 2001\" src=\"http:\/\/www.ensemble-vocalia.fr\/wp-content\/uploads\/2011\/02\/vocalia-Tea-Theim_avril2001.jpg\" alt=\"\" width=\"425\" height=\"287\" srcset=\"http:\/\/www.ensemble-vocalia.fr\/wp-content\/uploads\/2011\/02\/vocalia-Tea-Theim_avril2001.jpg 425w, http:\/\/www.ensemble-vocalia.fr\/wp-content\/uploads\/2011\/02\/vocalia-Tea-Theim_avril2001-300x202.jpg 300w\" sizes=\"auto, (max-width: 425px) 100vw, 425px\" \/><\/a><p id=\"caption-attachment-113\" class=\"wp-caption-text\">Emission Tea t&rsquo;heim avril 2001<\/p><\/div>\n<p><strong>Avril 2001<\/strong>\u00a0: \u00a0Participation \u00e0 l\u2019\u00e9mission Tea t\u2019Heim enregistr\u00e9e au Tanzmatten de S\u00e9lestat.<\/p>\n<h4><strong>4. \u00a0Accueil du \u00ab\u00a0Ch\u0153ur du Balory\u00a0\u00bb<\/strong><\/h4>\n<p><strong>8 d\u00e9cembre 2012 :C<\/strong>oncert de No\u00ebl au Temple protestant de Brumath avec le Ch\u0153ur du Balory de Vert-Saint-Denis.<\/p>\n<h4><strong>5.\u00a0 Accueil de la chorale \u00ab\u00a0Vocalise\u00a0\u00bb<\/strong><\/h4>\n<p><strong>1er d\u00e9cembre 2013 :<\/strong> Concert de No\u00ebl \u00e0 l&rsquo;\u00e9glise catholique de Brumath avec la chorale \u00ab\u00a0Vocalise\u00a0\u00bb de S\u00e9rignan<\/p>\n<p><a href=\"http:\/\/www.ensemble-vocalia.fr\/wp-content\/uploads\/2011\/02\/Concert-de-No\u00ebl-Brumath-2.12.13-009.jpg\"><img loading=\"lazy\" decoding=\"async\" class=\"alignleft wp-image-789\" src=\"http:\/\/www.ensemble-vocalia.fr\/wp-content\/uploads\/2011\/02\/Concert-de-No\u00ebl-Brumath-2.12.13-009-300x225.jpg\" alt=\"Concert de No\u00ebl-Brumath 2.12.13 009\" width=\"250\" height=\"188\" srcset=\"http:\/\/www.ensemble-vocalia.fr\/wp-content\/uploads\/2011\/02\/Concert-de-No\u00ebl-Brumath-2.12.13-009-300x225.jpg 300w, http:\/\/www.ensemble-vocalia.fr\/wp-content\/uploads\/2011\/02\/Concert-de-No\u00ebl-Brumath-2.12.13-009.jpg 1024w\" sizes=\"auto, (max-width: 250px) 100vw, 250px\" \/><\/a>\u00a0<a href=\"http:\/\/www.ensemble-vocalia.fr\/wp-content\/uploads\/2011\/02\/Concert-de-No\u00ebl-Brumath-2.12.13-0081.jpg\"><img loading=\"lazy\" decoding=\"async\" class=\"alignleft wp-image-788\" src=\"http:\/\/www.ensemble-vocalia.fr\/wp-content\/uploads\/2011\/02\/Concert-de-No\u00ebl-Brumath-2.12.13-0081-300x225.jpg\" alt=\"Concert de No\u00ebl-Brumath 2.12.13 008\" width=\"250\" height=\"188\" srcset=\"http:\/\/www.ensemble-vocalia.fr\/wp-content\/uploads\/2011\/02\/Concert-de-No\u00ebl-Brumath-2.12.13-0081-300x225.jpg 300w, http:\/\/www.ensemble-vocalia.fr\/wp-content\/uploads\/2011\/02\/Concert-de-No\u00ebl-Brumath-2.12.13-0081.jpg 1024w\" sizes=\"auto, (max-width: 250px) 100vw, 250px\" \/><\/a><br \/>\n<a href=\"http:\/\/www.ensemble-vocalia.fr\/wp-content\/uploads\/2011\/02\/Concert-de-No\u00ebl-Brumath-2.12.13-013.jpg\"><img loading=\"lazy\" decoding=\"async\" class=\"alignleft wp-image-787\" src=\"http:\/\/www.ensemble-vocalia.fr\/wp-content\/uploads\/2011\/02\/Concert-de-No\u00ebl-Brumath-2.12.13-013-300x225.jpg\" alt=\"Concert de No\u00ebl-Brumath 2.12.13 013\" width=\"250\" height=\"188\" srcset=\"http:\/\/www.ensemble-vocalia.fr\/wp-content\/uploads\/2011\/02\/Concert-de-No\u00ebl-Brumath-2.12.13-013-300x225.jpg 300w, http:\/\/www.ensemble-vocalia.fr\/wp-content\/uploads\/2011\/02\/Concert-de-No\u00ebl-Brumath-2.12.13-013.jpg 1024w\" sizes=\"auto, (max-width: 250px) 100vw, 250px\" \/><\/a><\/p>\n<p>&nbsp;<\/p>\n<p>&nbsp;<\/p>\n<p>&nbsp;<\/p>\n<p>&nbsp;<\/p>\n<p>&nbsp;<\/p>\n<p>&nbsp;<\/p>\n<p>&nbsp;<\/p>\n<p>&nbsp;<\/p>\n<p>&nbsp;<\/p>\n<p>&nbsp;<\/p>\n<h4>\u00a0<strong>6.\u00a0 Concert avec l&rsquo;orchestre de jazz \u00ab\u00a0Roby &amp; Co\u00a0\u00bb<\/strong><\/h4>\n<p>A l&rsquo;occasion de son traditionnel concert de printemps \u00e0 Brumath, l&rsquo;Ensemble Vocalia s&rsquo;est associ\u00e9 \u00e0 l&rsquo;orchestre \u00ab\u00a0Roby &amp; Co\u00a0\u00bb pour offrir \u00e0 ses auditeurs un d\u00e9paysement musical particulier. Deux soir\u00e9es, les 7 et 8 juin 2013, ont \u00e9t\u00e9 propos\u00e9es pour d\u00e9couvrir le nouveau r\u00e9pertoire des choristes et des musiciens. Des chansons de Goldman, Gerschwin, Salvador ou B\u00e9caud ont r\u00e9joui le public et des morceaux de jazz ont ravi les connaisseurs. Les deux ensembles ont uni leur talent dans la seconde partie du programme.<\/p>\n<h4><strong>7.\u00a0\u00a0 5\u00e8mes Rencontres Chantantes \u00e0 la Cath\u00e9drale de Strasbourg<\/strong><\/h4>\n<p style=\"text-align: left;\"><b>13 octobre 2013 : <\/b>Le Ch\u0153ur de l\u2019Ill et l\u2019Ensemble Vocalia ont uni leurs voix \u00e0 l\u2019occasion des \u00ab\u00a05\u00e8mes Rencontres Chantantes\u00a0\u00bb en la Cath\u00e9drale de Strasbourg. Dans un premier temps chaque chorale a pr\u00e9sent\u00e9 quelques chants issus de son r\u00e9pertoire. Puis les deux ensembles r\u00e9unis ont interpr\u00e9t\u00e9 sous la direction d\u2019Andr\u00e9 Lamblin des extraits de la splendide Missa Brevis de Jacob de Haan. <a href=\"http:\/\/www.ensemble-vocalia.fr\/wp-content\/uploads\/2011\/02\/DSCF5640_psx.jpg\"><img loading=\"lazy\" decoding=\"async\" class=\"wp-image-630 aligncenter\" src=\"http:\/\/www.ensemble-vocalia.fr\/wp-content\/uploads\/2011\/02\/DSCF5640_psx.jpg\" alt=\"Le Ch\u0153ur de l'Ill et l'Ensemble Vocalia sous la direction d'Andr\u00e9 Lamblin\" width=\"468\" height=\"310\" \/><\/a> Vid\u00e9o de Gloria interpr\u00e9t\u00e9e par l&rsquo;Ensemble Vocalia en la Cath\u00e9drale de Strasbourg<\/p>\n<p style=\"text-align: center;\">\u00a0<iframe loading=\"lazy\" src=\"\/\/www.youtube.com\/embed\/6H-1nW-R9e0?rel=0\" width=\"480\" height=\"360\" frameborder=\"0\" allowfullscreen=\"allowfullscreen\"><\/iframe><\/p>\n<p>Vid\u00e9o de Rorando Caeli interpr\u00e9t\u00e9e par par le Choeur de l&rsquo;Ill et l&rsquo;Ensemble Vocalia en la Cath\u00e9drale de Strasbourg<\/p>\n<p style=\"text-align: center;\"><iframe loading=\"lazy\" src=\"\/\/www.youtube.com\/embed\/CQS0H5yD2TE?rel=0\" width=\"480\" height=\"360\" frameborder=\"0\" allowfullscreen=\"allowfullscreen\"><\/iframe><\/p>\n<p>Vid\u00e9o de La M\u00e9moire d&rsquo;Abraham interpr\u00e9t\u00e9e par l&rsquo;Ensemble Vocalia en la Cath\u00e9drale de Strasbourg<\/p>\n<p style=\"text-align: center;\"><iframe loading=\"lazy\" src=\"\/\/www.youtube.com\/embed\/KhnhVpGm2Fc?rel=0\" width=\"560\" height=\"315\" frameborder=\"0\" allowfullscreen=\"allowfullscreen\"><\/iframe><\/p>\n<h4><strong>8. \u00a0Vocalia \u00e0 Vert-Saint-Denis<\/strong><\/h4>\n<p>L&rsquo;Ensemble Vocalia \u00e9tait invit\u00e9 \u00e0 Vert-Saint-Denis par le Ch\u0153ur du Balory du 4 au 6 avril 2014. L&rsquo;accueil fut tr\u00e8s chaleureux et convivial. Un concert commun de tr\u00e8s grande qualit\u00e9, donn\u00e9 \u00e0 l&rsquo;\u00e9glise St Aspais de Melun,\u00a0le samedi 5 avril, permit aux deux formations de montrer un \u00e9chantillon de leurs r\u00e9pertoires respectifs.<a href=\"http:\/\/www.ensemble-vocalia.fr\/wp-content\/uploads\/2011\/02\/Sortie-Chorale-du-4-5-6-avril-2014-133.jpg\"><img loading=\"lazy\" decoding=\"async\" class=\"alignleft wp-image-795\" src=\"http:\/\/www.ensemble-vocalia.fr\/wp-content\/uploads\/2011\/02\/Sortie-Chorale-du-4-5-6-avril-2014-133-300x225.jpg\" alt=\"Sortie Chorale du 4 5 6 avril 2014 133\" width=\"250\" height=\"188\" srcset=\"http:\/\/www.ensemble-vocalia.fr\/wp-content\/uploads\/2011\/02\/Sortie-Chorale-du-4-5-6-avril-2014-133-300x225.jpg 300w, http:\/\/www.ensemble-vocalia.fr\/wp-content\/uploads\/2011\/02\/Sortie-Chorale-du-4-5-6-avril-2014-133.jpg 1024w\" sizes=\"auto, (max-width: 250px) 100vw, 250px\" \/><\/a><\/p>\n<p>&nbsp;<\/p>\n<p>&nbsp;<\/p>\n<p>&nbsp;<\/p>\n<p>&nbsp;<\/p>\n<h4>9. Vocalia \u00e0 S\u00e9rignan<\/h4>\n<p><span style=\"color: #000000; font-family: Calibri;\">Invit\u00e9 par la chorale Vocalise de S\u00e9rignan, l\u2019Ensemble Vocalia s\u2019est offert une petite escapade printani\u00e8re dans l\u2019H\u00e9rault du 13 au 17 avril 2016.<\/span><\/p>\n<p><span style=\"color: #000000; font-family: Calibri;\">Notre dynamique et infatigable chef de ch\u0153ur Jocelyne nous a combl\u00e9s en dirigeant quelques chants sacr\u00e9s \u00e0 l\u2019int\u00e9rieur de chaque \u00e9glise visit\u00e9e. C\u2019est toujours une touche d\u00e9licate et \u00e9mouvante quand nos voix s\u2019\u00e9l\u00e8vent vers les vo\u00fbtes majestueuses de ces anciens \u00e9difices\u00a0!<\/span><\/p>\n<p><span style=\"color: #000000; font-family: Calibri;\">Le point d\u2019orgue de ce voyage fut le concert donn\u00e9 en la Coll\u00e9giale de S\u00e9rignan o\u00f9 les deux chorales surent enthousiasmer les auditeurs avec des m\u00e9lodies issues de leurs r\u00e9pertoires respectifs. L\u2019\u00e9motion s\u2019\u00e9tait \u00e9galement invit\u00e9e car les retrouvailles permettent de partager des moments forts.<\/span><\/p>\n<p><a href=\"http:\/\/www.ensemble-vocalia.fr\/wp-content\/uploads\/2018\/05\/P1100195.jpg\"><img loading=\"lazy\" decoding=\"async\" class=\"wp-image-1121 alignright\" src=\"http:\/\/www.ensemble-vocalia.fr\/wp-content\/uploads\/2018\/05\/P1100195-300x225.jpg\" alt=\"\" width=\"275\" height=\"206\" srcset=\"http:\/\/www.ensemble-vocalia.fr\/wp-content\/uploads\/2018\/05\/P1100195-300x225.jpg 300w, http:\/\/www.ensemble-vocalia.fr\/wp-content\/uploads\/2018\/05\/P1100195-768x576.jpg 768w, http:\/\/www.ensemble-vocalia.fr\/wp-content\/uploads\/2018\/05\/P1100195-1024x768.jpg 1024w\" sizes=\"auto, (max-width: 275px) 100vw, 275px\" \/><\/a><a href=\"http:\/\/www.ensemble-vocalia.fr\/wp-content\/uploads\/2018\/05\/P1100190.jpg\"><u><\/u><img loading=\"lazy\" decoding=\"async\" class=\"wp-image-1120 alignleft\" src=\"http:\/\/www.ensemble-vocalia.fr\/wp-content\/uploads\/2018\/05\/P1100190-300x225.jpg\" alt=\"\" width=\"275\" height=\"206\" srcset=\"http:\/\/www.ensemble-vocalia.fr\/wp-content\/uploads\/2018\/05\/P1100190-300x225.jpg 300w, http:\/\/www.ensemble-vocalia.fr\/wp-content\/uploads\/2018\/05\/P1100190-768x576.jpg 768w, http:\/\/www.ensemble-vocalia.fr\/wp-content\/uploads\/2018\/05\/P1100190-1024x768.jpg 1024w\" sizes=\"auto, (max-width: 275px) 100vw, 275px\" \/><\/a><\/p>\n<p><a href=\"http:\/\/www.ensemble-vocalia.fr\/wp-content\/uploads\/2018\/05\/P1100170.jpg\"><img loading=\"lazy\" decoding=\"async\" class=\"wp-image-1119 alignright\" src=\"http:\/\/www.ensemble-vocalia.fr\/wp-content\/uploads\/2018\/05\/P1100170-300x225.jpg\" alt=\"\" width=\"275\" height=\"206\" srcset=\"http:\/\/www.ensemble-vocalia.fr\/wp-content\/uploads\/2018\/05\/P1100170-300x225.jpg 300w, http:\/\/www.ensemble-vocalia.fr\/wp-content\/uploads\/2018\/05\/P1100170-768x576.jpg 768w, http:\/\/www.ensemble-vocalia.fr\/wp-content\/uploads\/2018\/05\/P1100170-1024x768.jpg 1024w\" sizes=\"auto, (max-width: 275px) 100vw, 275px\" \/><\/a><a href=\"http:\/\/www.ensemble-vocalia.fr\/wp-content\/uploads\/2018\/05\/P1100173.jpg\"><img loading=\"lazy\" decoding=\"async\" class=\"wp-image-1118 alignleft\" src=\"http:\/\/www.ensemble-vocalia.fr\/wp-content\/uploads\/2018\/05\/P1100173-300x225.jpg\" alt=\"\" width=\"275\" height=\"206\" srcset=\"http:\/\/www.ensemble-vocalia.fr\/wp-content\/uploads\/2018\/05\/P1100173-300x225.jpg 300w, http:\/\/www.ensemble-vocalia.fr\/wp-content\/uploads\/2018\/05\/P1100173-768x576.jpg 768w, http:\/\/www.ensemble-vocalia.fr\/wp-content\/uploads\/2018\/05\/P1100173-1024x768.jpg 1024w\" sizes=\"auto, (max-width: 275px) 100vw, 275px\" \/><\/a><\/p>\n<p>&nbsp;<\/p>\n<p>&nbsp;<\/p>\n<p>&nbsp;<\/p>\n<p>&nbsp;<\/p>\n<p>&nbsp;<\/p>\n<p>&nbsp;<\/p>\n<p>&nbsp;<\/p>\n<p>&nbsp;<\/p>\n<p>&nbsp;<\/p>\n<p>&nbsp;<\/p>\n<p>&nbsp;<\/p>\n<p>&nbsp;<\/p>\n<h4>10. L&rsquo;Ensemble Vocalia \u00e0 Prague<\/h4>\n<p>L&rsquo;Ensemble Vocalia a eu le plaisir de s\u00e9journer dans la ville de Prague en R\u00e9publique Tch\u00e8que du 16 au 20 novembre 2017.<\/p>\n<p>L&rsquo;Ensemble Vocalia dirig\u00e9 par Jocelyne Reinbolt, Huguette Gautherot et Martin Starck s&rsquo;est produit avec bonheur en l&rsquo;\u00e9glise St Nicolas, l&rsquo;une des plus anciennes de la Vieille Ville de Prague et en l&rsquo;\u00e9glise St Martin lors du \u00ab\u00a0Prague Autumn Choral Meeting\u00a0\u00bb.<\/p>\n<p><span style=\"color: #000000; font-family: Calibri;\">L&rsquo;accompagnement musical fut assur\u00e9 par le pianiste Roby Braun qui est aussi compositeur. Son \u00ab\u00a0Notre P\u00e8re\u00a0\u00bb a \u00e9t\u00e9 interpr\u00e9t\u00e9 pour la premi\u00e8re fois avec \u00e9motion par les choristes. Le public tr\u00e8s chaleureux \u00e9tait combl\u00e9 par le r\u00e9pertoire vari\u00e9 de l&rsquo;Ensemble Vocalia.<\/span><\/p>\n<p><span style=\"color: #000000; font-family: Calibri;\">Les rencontres avec d&rsquo;autres chorales ont permis des \u00e9changes o\u00f9 partage et fraternit\u00e9 ne furent pas de vains mots.<\/span><\/p>\n<p><a href=\"http:\/\/www.ensemble-vocalia.fr\/wp-content\/uploads\/2018\/05\/IMG_0124.jpg\"><img loading=\"lazy\" decoding=\"async\" class=\"size-medium wp-image-1135 alignleft\" src=\"http:\/\/www.ensemble-vocalia.fr\/wp-content\/uploads\/2018\/05\/IMG_0124-300x225.jpg\" alt=\"\" width=\"300\" height=\"225\" srcset=\"http:\/\/www.ensemble-vocalia.fr\/wp-content\/uploads\/2018\/05\/IMG_0124-300x225.jpg 300w, http:\/\/www.ensemble-vocalia.fr\/wp-content\/uploads\/2018\/05\/IMG_0124-768x576.jpg 768w, http:\/\/www.ensemble-vocalia.fr\/wp-content\/uploads\/2018\/05\/IMG_0124-1024x768.jpg 1024w\" sizes=\"auto, (max-width: 300px) 100vw, 300px\" \/><\/a><a href=\"http:\/\/www.ensemble-vocalia.fr\/wp-content\/uploads\/2018\/05\/IMG_0359.jpg\"><img loading=\"lazy\" decoding=\"async\" class=\"alignright size-medium wp-image-1136\" src=\"http:\/\/www.ensemble-vocalia.fr\/wp-content\/uploads\/2018\/05\/IMG_0359-300x225.jpg\" alt=\"\" width=\"300\" height=\"225\" srcset=\"http:\/\/www.ensemble-vocalia.fr\/wp-content\/uploads\/2018\/05\/IMG_0359-300x225.jpg 300w, http:\/\/www.ensemble-vocalia.fr\/wp-content\/uploads\/2018\/05\/IMG_0359-768x576.jpg 768w, http:\/\/www.ensemble-vocalia.fr\/wp-content\/uploads\/2018\/05\/IMG_0359-1024x768.jpg 1024w\" sizes=\"auto, (max-width: 300px) 100vw, 300px\" \/><\/a><\/p>\n","protected":false},"excerpt":{"rendered":"<p>NOS GRANDS MOMENTS MUSICAUX L&rsquo;Ensemble Vocalia est une chorale tr\u00e8s dynamique qui n&rsquo;h\u00e9site pas \u00e0 apporter son concours \u00e0 de nombreux spectacles historiques (en salle et en plein air), \u00e0 interpr\u00e9ter de grandes oeuvres classiques et donne r\u00e9guli\u00e8rement des concerts au profit d&rsquo;oeuvres caritatives. 1.\u00a0\u00a0\u00a0\u00a0\u00a0 SPECTACLES HISTORIQUES 1987\u00a0: L\u2019Histoire Vive 1989\u00a0: Brumath, L\u00e8ve-toi 1991\u00a0: l\u2019Entre-Deux &hellip; <\/p>\n<p><a class=\"more-link btn\" href=\"http:\/\/www.ensemble-vocalia.fr\/?page_id=97\">Lire la suite<\/a><\/p>\n","protected":false},"author":2,"featured_media":0,"parent":0,"menu_order":0,"comment_status":"closed","ping_status":"open","template":"","meta":{"footnotes":""},"class_list":["post-97","page","type-page","status-publish","hentry","nodate","item-wrap"],"_links":{"self":[{"href":"http:\/\/www.ensemble-vocalia.fr\/index.php?rest_route=\/wp\/v2\/pages\/97","targetHints":{"allow":["GET"]}}],"collection":[{"href":"http:\/\/www.ensemble-vocalia.fr\/index.php?rest_route=\/wp\/v2\/pages"}],"about":[{"href":"http:\/\/www.ensemble-vocalia.fr\/index.php?rest_route=\/wp\/v2\/types\/page"}],"author":[{"embeddable":true,"href":"http:\/\/www.ensemble-vocalia.fr\/index.php?rest_route=\/wp\/v2\/users\/2"}],"replies":[{"embeddable":true,"href":"http:\/\/www.ensemble-vocalia.fr\/index.php?rest_route=%2Fwp%2Fv2%2Fcomments&post=97"}],"version-history":[{"count":65,"href":"http:\/\/www.ensemble-vocalia.fr\/index.php?rest_route=\/wp\/v2\/pages\/97\/revisions"}],"predecessor-version":[{"id":1137,"href":"http:\/\/www.ensemble-vocalia.fr\/index.php?rest_route=\/wp\/v2\/pages\/97\/revisions\/1137"}],"wp:attachment":[{"href":"http:\/\/www.ensemble-vocalia.fr\/index.php?rest_route=%2Fwp%2Fv2%2Fmedia&parent=97"}],"curies":[{"name":"wp","href":"https:\/\/api.w.org\/{rel}","templated":true}]}}